{"id":1996,"date":"2024-04-24T21:09:41","date_gmt":"2024-04-24T19:09:41","guid":{"rendered":"https:\/\/healwise.net\/experts\/dr-peter-banczerowski-md-phd\/"},"modified":"2024-06-18T12:54:45","modified_gmt":"2024-06-18T10:54:45","slug":"dr-peter-banczerowski-md-phd","status":"publish","type":"page","link":"https:\/\/healwise.net\/ro\/experti\/dr-peter-banczerowski-md-phd\/","title":{"rendered":"Dr. P\u00e9ter Banczerowski MD, PhD"},"content":{"rendered":"[vc_row type=&#8221;full_width_background&#8221; full_screen_row_position=&#8221;middle&#8221; column_margin=&#8221;none&#8221; column_direction=&#8221;default&#8221; column_direction_tablet=&#8221;column_reverse&#8221; column_direction_phone=&#8221;column_reverse&#8221; bg_color=&#8221;#3b8f94&#8243; scene_position=&#8221;center&#8221; text_color=&#8221;light&#8221; text_align=&#8221;left&#8221; row_border_radius=&#8221;none&#8221; row_border_radius_applies=&#8221;bg&#8221; overflow=&#8221;visible&#8221; overlay_strength=&#8221;0.3&#8243; gradient_direction=&#8221;left_to_right&#8221; shape_divider_position=&#8221;bottom&#8221; bg_image_animation=&#8221;none&#8221; shape_type=&#8221;&#8221; gradient_type=&#8221;default&#8221;][vc_column column_padding=&#8221;no-extra-padding&#8221; column_padding_tablet=&#8221;inherit&#8221; column_padding_phone=&#8221;inherit&#8221; column_padding_position=&#8221;all&#8221; column_element_direction_desktop=&#8221;default&#8221; column_element_spacing=&#8221;default&#8221; desktop_text_alignment=&#8221;default&#8221; tablet_text_alignment=&#8221;default&#8221; phone_text_alignment=&#8221;default&#8221; background_color_opacity=&#8221;1&#8243; background_hover_color_opacity=&#8221;1&#8243; column_backdrop_filter=&#8221;none&#8221; column_shadow=&#8221;none&#8221; column_border_radius=&#8221;none&#8221; column_link_target=&#8221;_self&#8221; column_position=&#8221;default&#8221; gradient_direction=&#8221;left_to_right&#8221; overlay_strength=&#8221;0.3&#8243; width=&#8221;7\/12&#8243; tablet_width_inherit=&#8221;default&#8221; animation_type=&#8221;default&#8221; bg_image_animation=&#8221;none&#8221; border_type=&#8221;simple&#8221; column_border_width=&#8221;none&#8221; column_border_style=&#8221;solid&#8221; column_padding_type=&#8221;default&#8221; gradient_type=&#8221;default&#8221;][vc_row_inner column_margin=&#8221;default&#8221; column_direction=&#8221;default&#8221; column_direction_tablet=&#8221;default&#8221; column_direction_phone=&#8221;default&#8221; text_align=&#8221;left&#8221; row_position=&#8221;default&#8221; row_position_tablet=&#8221;inherit&#8221; row_position_phone=&#8221;inherit&#8221; overflow=&#8221;visible&#8221; pointer_events=&#8221;all&#8221;][vc_column_inner left_padding_desktop=&#8221;3%&#8221; top_margin=&#8221;5%&#8221; bottom_margin_tablet=&#8221;8%&#8221; column_element_direction_desktop=&#8221;default&#8221; column_element_spacing=&#8221;default&#8221; desktop_text_alignment=&#8221;default&#8221; tablet_text_alignment=&#8221;default&#8221; phone_text_alignment=&#8221;default&#8221; background_color_opacity=&#8221;1&#8243; background_hover_color_opacity=&#8221;1&#8243; column_backdrop_filter=&#8221;none&#8221; column_shadow=&#8221;none&#8221; column_border_radius=&#8221;none&#8221; column_link_target=&#8221;_self&#8221; overflow=&#8221;visible&#8221; gradient_direction=&#8221;left_to_right&#8221; overlay_strength=&#8221;0.3&#8243; width=&#8221;1\/1&#8243; tablet_width_inherit=&#8221;default&#8221; animation_type=&#8221;default&#8221; enable_animation=&#8221;true&#8221; animation=&#8221;fade-in-from-bottom&#8221; animation_easing=&#8221;default&#8221; bg_image_animation=&#8221;none&#8221; border_type=&#8221;simple&#8221; column_border_width=&#8221;none&#8221; column_border_style=&#8221;solid&#8221; column_padding_type=&#8221;advanced&#8221; gradient_type=&#8221;default&#8221;][vc_custom_heading text=&#8221;Expert \u00een neurochirurgie&#8221; font_container=&#8221;tag:h5|font_size:2vw|text_align:left|color:%23ffffff|line_height:7vw&#8221; use_theme_fonts=&#8221;yes&#8221; css=&#8221;.vc_custom_1716561156549{margin-top: 65px !important;margin-bottom: 10px !important;}&#8221; el_class=&#8221;jobtitle-mob&#8221;][vc_column_text css=&#8221;&#8221; text_direction=&#8221;default&#8221;]\n<h2><span class=\"doc-name\">Dr. P\u00e9ter Banczerowski<\/span><\/h2>\n<p><span class=\"doc-qualif\">MD, PhD<\/span>[\/vc_column_text][\/vc_column_inner][\/vc_row_inner][\/vc_column][vc_column top_margin=&#8221;-3%&#8221; top_margin_tablet=&#8221;0&#8243; column_element_direction_desktop=&#8221;default&#8221; column_element_spacing=&#8221;0px&#8221; desktop_text_alignment=&#8221;default&#8221; tablet_text_alignment=&#8221;default&#8221; phone_text_alignment=&#8221;default&#8221; background_color_opacity=&#8221;1&#8243; background_hover_color_opacity=&#8221;1&#8243; column_backdrop_filter=&#8221;none&#8221; column_shadow=&#8221;none&#8221; column_border_radius=&#8221;none&#8221; column_link_target=&#8221;_self&#8221; column_position=&#8221;default&#8221; gradient_direction=&#8221;left_to_right&#8221; overlay_strength=&#8221;0.3&#8243; width=&#8221;5\/12&#8243; tablet_width_inherit=&#8221;default&#8221; animation_type=&#8221;default&#8221; bg_image_animation=&#8221;none&#8221; border_type=&#8221;simple&#8221; column_border_width=&#8221;none&#8221; column_border_style=&#8221;solid&#8221; column_padding_type=&#8221;advanced&#8221; gradient_type=&#8221;default&#8221;][vc_row_inner column_margin=&#8221;none&#8221; column_direction=&#8221;default&#8221; column_direction_tablet=&#8221;default&#8221; column_direction_phone=&#8221;default&#8221; translate_y=&#8221;20%&#8221; translate_x=&#8221;-20%&#8221; translate_y_tablet=&#8221;0&#8243; translate_x_tablet=&#8221;0&#8243; text_align=&#8221;left&#8221; row_position=&#8221;default&#8221; row_position_tablet=&#8221;inherit&#8221; row_position_phone=&#8221;inherit&#8221; overflow=&#8221;visible&#8221; pointer_events=&#8221;all&#8221;][vc_column_inner bottom_margin=&#8221;-7%&#8221; top_margin_tablet=&#8221;5%&#8221; bottom_margin_tablet=&#8221;-10%&#8221; column_element_direction_desktop=&#8221;default&#8221; column_element_spacing=&#8221;default&#8221; desktop_text_alignment=&#8221;default&#8221; tablet_text_alignment=&#8221;default&#8221; phone_text_alignment=&#8221;default&#8221; background_color_opacity=&#8221;1&#8243; background_hover_color_opacity=&#8221;1&#8243; column_backdrop_filter=&#8221;none&#8221; column_shadow=&#8221;none&#8221; column_border_radius=&#8221;none&#8221; column_link_target=&#8221;_self&#8221; overflow=&#8221;visible&#8221; gradient_direction=&#8221;left_to_right&#8221; overlay_strength=&#8221;0.3&#8243; width=&#8221;1\/1&#8243; tablet_width_inherit=&#8221;default&#8221; animation_type=&#8221;default&#8221; enable_animation=&#8221;true&#8221; animation=&#8221;fade-in-from-bottom&#8221; animation_easing=&#8221;default&#8221; bg_image_animation=&#8221;none&#8221; border_type=&#8221;simple&#8221; column_border_width=&#8221;none&#8221; column_border_style=&#8221;solid&#8221; column_padding_type=&#8221;advanced&#8221; gradient_type=&#8221;default&#8221;][image_with_animation image_url=&#8221;647&#8243; image_size=&#8221;full&#8221; animation_type=&#8221;entrance&#8221; animation=&#8221;None&#8221; animation_movement_type=&#8221;transform_y&#8221; hover_animation=&#8221;none&#8221; alignment=&#8221;&#8221; border_radius=&#8221;none&#8221; box_shadow=&#8221;medium_depth&#8221; image_loading=&#8221;default&#8221; max_width=&#8221;150%&#8221; max_width_mobile=&#8221;100%&#8221; mask_enable=&#8221;true&#8221; mask_shape=&#8221;custom&#8221; mask_custom_image=&#8221;1390&#8243; mask_size=&#8221;contain&#8221; el_class=&#8221;doc-hero&#8221;][\/vc_column_inner][\/vc_row_inner][\/vc_column][\/vc_row][vc_row type=&#8221;in_container&#8221; full_screen_row_position=&#8221;middle&#8221; column_margin=&#8221;default&#8221; column_direction=&#8221;default&#8221; column_direction_tablet=&#8221;column_reverse&#8221; column_direction_phone=&#8221;column_reverse&#8221; scene_position=&#8221;center&#8221; text_color=&#8221;dark&#8221; text_align=&#8221;left&#8221; row_border_radius=&#8221;none&#8221; row_border_radius_applies=&#8221;bg&#8221; overflow=&#8221;visible&#8221; overlay_strength=&#8221;0.3&#8243; gradient_direction=&#8221;left_to_right&#8221; shape_divider_position=&#8221;bottom&#8221; bg_image_animation=&#8221;none&#8221; gradient_type=&#8221;default&#8221; shape_type=&#8221;&#8221;][vc_column left_padding_desktop=&#8221;2%&#8221; left_padding_tablet=&#8221;0&#8243; top_margin=&#8221;5%&#8221; top_margin_tablet=&#8221;0&#8243; column_element_direction_desktop=&#8221;default&#8221; column_element_spacing=&#8221;default&#8221; desktop_text_alignment=&#8221;default&#8221; tablet_text_alignment=&#8221;default&#8221; phone_text_alignment=&#8221;default&#8221; background_color_opacity=&#8221;1&#8243; background_hover_color_opacity=&#8221;1&#8243; column_backdrop_filter=&#8221;none&#8221; column_shadow=&#8221;none&#8221; column_border_radius=&#8221;none&#8221; column_link_target=&#8221;_self&#8221; column_position=&#8221;default&#8221; gradient_direction=&#8221;left_to_right&#8221; overlay_strength=&#8221;0.3&#8243; width=&#8221;7\/12&#8243; tablet_width_inherit=&#8221;default&#8221; animation_type=&#8221;default&#8221; bg_image_animation=&#8221;none&#8221; border_type=&#8221;simple&#8221; column_border_width=&#8221;none&#8221; column_border_style=&#8221;solid&#8221; column_padding_type=&#8221;advanced&#8221; gradient_type=&#8221;default&#8221;][vc_column_text css=&#8221;&#8221; text_direction=&#8221;default&#8221;]Neurochirurg remarcabil cu o expertiz\u0103 semnificativ\u0103 \u00een chirurgia coloanei vertebrale, cu o experien\u0163\u0103 profesional\u0103 de aproape 30 de ani \u0219i peste 4.000 de interven\u0163ii de succes. Renumit pentru pionieratul \u00een reconstruc\u0163iile chirurgicale complexe ale coloanei vertebrale \u0219i lider \u00een integrarea tehnologiilor medicale de ultim\u0103 or\u0103. Dedicat progresului \u00een acest domeniu prin educa\u0163ie, cercetare \u0219i tehnici chirurgicale inovatoare.[\/vc_column_text][heading]Experien\u0163\u0103 profesional\u0103[\/heading][vc_column_text css=&#8221;&#8221; text_direction=&#8221;default&#8221;]<strong>Director medical de neurochirurgie, Institutul Na\u0163ional de Neuro\u0219tiin\u0163e Clinice<\/strong><br \/>\n2018 \u2013 prezent | Budapesta, Ungaria<\/p>\n<ul>\n<li>A condus echipa medical\u0103 de chirurgie a coloanei vertebrale, conduc\u00e2nd proceduri revolu\u0163ionare \u00een reconstruc\u0163iile complexe ale coloanei vertebrale cu ajutorul pl\u0103cilor metalice.<\/li>\n<li>A gestionat o echip\u0103 de chirurgi \u0219i medici de top, abord\u00e2nd cazuri medicale multidisciplinare complexe.<\/li>\n<li>A promovat integrarea celor mai recente tehnologii medicale \u00een neurochirurgie.<\/li>\n<\/ul>\n<p><strong>Profesor universitar \u0219i Director al Departamentului de Neurochirurgie, Universitatea Semmelweis<\/strong><br \/>\n2017 \u2013 prezent | Budapesta, Ungaria<\/p>\n<ul>\n<li>A coordonat educa\u0163ia \u00een neurochirurgie pentru Ungaria Central\u0103, \u00eembun\u0103t\u0103\u0163ind \u00een mod semnificativ programul de \u00eenv\u0103\u0163\u0103m\u00e2nt, cu accent pe inova\u0163iile \u00een chirurgia coloanei vertebrale.<\/li>\n<li>A supervizat programe de doctorat \u00een cercetare clinic\u0103 neurologic\u0103, promov\u00e2nd o nou\u0103 genera\u0163ie de exper\u0163i \u00een neurochirurgie.<\/li>\n<\/ul>\n<p><strong>Fondator \u0219i director de program, Centrul de Chirurgie a Coloanei vertebrale, Institutul Na\u0163ional de Neuro\u0219tiin\u0163e Clinice<\/strong><br \/>\n2014 \u2013 prezent | Budapesta, Ungaria<\/p>\n<ul>\n<li>A \u00eenfiin\u0163at un centru de excelen\u0163\u0103 pentru chirurgia coloanei vertebrale, pun\u00e2nd accentul pe tehnicile minim invazive \u0219i pe colaborarea interdisciplinar\u0103 pentru rezultate optime pentru pacien\u0163i.<\/li>\n<\/ul>\n<p><strong>Medic \u0219ef \u0219i chirurg principal, Institutul Na\u0163ional de Neuro\u0219tiin\u0163e Clinice<\/strong><br \/>\n2015 \u2013 2016 | Budapesta, Ungaria<\/p>\n<ul>\n<li>A condus departamentul de chirurgie spinal\u0103, introduc\u00e2nd noi abord\u0103ri chirurgicale \u0219i \u00eembun\u0103t\u0103\u0163ind protocoalele de tratament pentru afec\u0163iunile coloanei vertebrale.<\/li>\n<\/ul>\n[\/vc_column_text][heading]Educa\u0163ie \u0219i formare[\/heading][vc_column_text css=&#8221;&#8221; text_direction=&#8221;default&#8221;]\n<ul>\n<li>Doctor \u00een \u0219tiin\u0163e, Academia Maghiar\u0103 de \u0218tiin\u0163e, 2017<\/li>\n<li>Abilitare, Universitatea Semmelweis, Budapesta, 2010<\/li>\n<li>Doctor \u00een medicin\u0103, Universitatea de Medicin\u0103 Semmelweis, Budapesta, 2003<\/li>\n<li>Specializare \u00een neurochirurgie, Budapesta, 1999<\/li>\n<li>Doctor \u00een medicin\u0103, Universitatea de Medicin\u0103 Semmelweis, Budapesta, 1987 \u2013 1993<\/li>\n<\/ul>\n[\/vc_column_text][heading]Dezvoltare profesional\u0103 continu\u0103[\/heading][vc_column_text css=&#8221;&#8221; text_direction=&#8221;default&#8221;]Simpozioane \u0219i ateliere de lucru interna\u0163ionale \u0219i na\u0163ionale, inclusiv Cleveland Spine Review, AO Spine Advances Symposium \u0219i European Neurosurgery Symposium, care se concentreaz\u0103 pe progresele \u00een chirurgia coloanei vertebrale \u0219i pe tehnicile minim invazive.[\/vc_column_text][heading]Afilieri profesionale[\/heading][vc_column_text css=&#8221;&#8221; text_direction=&#8221;default&#8221;]\n<ul>\n<li>Pre\u0219edinte, Filiala maghiar\u0103 a Societ\u0103\u0163ii de Neurochirurgie Walter E. Dandy<\/li>\n<li>Membru al Consiliului de administra\u0163ie al Societ\u0103\u0163ii Maghiare de Neurochirurgie<\/li>\n<li>Membru, Academia Maghiar\u0103 de \u0218tiin\u0163e<\/li>\n<li>Membru, Consiliul Colegiului Medical de Neurochirurgie, Universitatea Semmelweis<\/li>\n<\/ul>\n[\/vc_column_text][vc_column_text css=&#8221;&#8221; text_direction=&#8221;default&#8221;]Prof. Dr. Peter Banczerowski este dedicat atingerii excelen\u0163ei \u00een chirurgia coloanei vertebrale, valorific\u00e2nd experien\u0163a vast\u0103 \u0219i tehnicile inovatoare pentru a \u00eembun\u0103t\u0103\u0163i rezultatele pacien\u0163ilor. Leadershipul s\u0103u \u00een domeniul educa\u0163iei \u0219i cercet\u0103rii \u00een neurochirurgie continu\u0103 s\u0103 avanseze \u00een acest domeniu, aduc\u00e2nd contribu\u0163ii semnificative at\u00e2t \u00een practica clinic\u0103, c\u00e2t \u0219i \u00een cercetarea academic\u0103.[\/vc_column_text][\/vc_column][vc_column left_padding_desktop=&#8221;12%&#8221; right_padding_desktop=&#8221;8%&#8221; left_padding_tablet=&#8221;0&#8243; right_padding_tablet=&#8221;0&#8243; top_margin=&#8221;16%&#8221; top_margin_tablet=&#8221;10%&#8221; column_element_direction_desktop=&#8221;default&#8221; column_element_spacing=&#8221;default&#8221; desktop_text_alignment=&#8221;default&#8221; tablet_text_alignment=&#8221;default&#8221; phone_text_alignment=&#8221;default&#8221; sticky_content=&#8221;true&#8221; sticky_content_functionality=&#8221;css&#8221; sticky_content_alignment=&#8221;middle&#8221; background_color_opacity=&#8221;1&#8243; background_hover_color_opacity=&#8221;1&#8243; column_backdrop_filter=&#8221;none&#8221; column_shadow=&#8221;none&#8221; column_border_radius=&#8221;none&#8221; column_link_target=&#8221;_self&#8221; column_position=&#8221;default&#8221; gradient_direction=&#8221;left_to_right&#8221; overlay_strength=&#8221;0.3&#8243; width=&#8221;5\/12&#8243; tablet_width_inherit=&#8221;default&#8221; animation_type=&#8221;default&#8221; bg_image_animation=&#8221;none&#8221; border_type=&#8221;simple&#8221; column_border_width=&#8221;none&#8221; column_border_style=&#8221;solid&#8221; column_padding_type=&#8221;advanced&#8221; gradient_type=&#8221;default&#8221;][vc_row_inner column_margin=&#8221;30px&#8221; column_direction=&#8221;default&#8221; column_direction_tablet=&#8221;default&#8221; column_direction_phone=&#8221;default&#8221; text_align=&#8221;left&#8221; row_position=&#8221;default&#8221; row_position_tablet=&#8221;inherit&#8221; row_position_phone=&#8221;inherit&#8221; overflow=&#8221;visible&#8221; pointer_events=&#8221;all&#8221;][vc_column_inner column_padding=&#8221;padding-2-percent&#8221; column_padding_tablet=&#8221;inherit&#8221; column_padding_phone=&#8221;inherit&#8221; column_padding_position=&#8221;all&#8221; column_element_direction_desktop=&#8221;default&#8221; column_element_spacing=&#8221;default&#8221; desktop_text_alignment=&#8221;center&#8221; tablet_text_alignment=&#8221;default&#8221; phone_text_alignment=&#8221;default&#8221; background_color_opacity=&#8221;1&#8243; background_hover_color_opacity=&#8221;1&#8243; column_backdrop_filter=&#8221;none&#8221; column_shadow=&#8221;none&#8221; column_border_radius=&#8221;5px&#8221; column_link_target=&#8221;_self&#8221; overflow=&#8221;visible&#8221; gradient_direction=&#8221;left_to_right&#8221; overlay_strength=&#8221;0.3&#8243; width=&#8221;1\/1&#8243; tablet_width_inherit=&#8221;default&#8221; animation_type=&#8221;default&#8221; bg_image_animation=&#8221;none&#8221; border_type=&#8221;simple&#8221; column_border_width=&#8221;3px&#8221; column_border_color=&#8221;#f9f9f9&#8243; column_border_style=&#8221;solid&#8221; column_padding_type=&#8221;default&#8221; gradient_type=&#8221;default&#8221;][nectar_btn size=&#8221;small&#8221; button_style=&#8221;see-through&#8221; button_color_2=&#8221;Accent-Color&#8221; icon_family=&#8221;none&#8221; el_class=&#8221;nohover&#8221; text=&#8221;Specializare&#8221;][vc_column_text css=&#8221;&#8221; text_direction=&#8221;default&#8221;]\n<h5>Neurochirurgie spinal\u0103<\/h5>\n[\/vc_column_text][\/vc_column_inner][\/vc_row_inner][vc_row_inner column_margin=&#8221;30px&#8221; column_direction=&#8221;default&#8221; column_direction_tablet=&#8221;default&#8221; column_direction_phone=&#8221;default&#8221; text_align=&#8221;left&#8221; row_position=&#8221;default&#8221; row_position_tablet=&#8221;inherit&#8221; row_position_phone=&#8221;inherit&#8221; overflow=&#8221;visible&#8221; pointer_events=&#8221;all&#8221;][vc_column_inner column_padding=&#8221;padding-2-percent&#8221; column_padding_tablet=&#8221;inherit&#8221; column_padding_phone=&#8221;inherit&#8221; column_padding_position=&#8221;all&#8221; column_element_direction_desktop=&#8221;default&#8221; column_element_spacing=&#8221;default&#8221; desktop_text_alignment=&#8221;center&#8221; tablet_text_alignment=&#8221;default&#8221; phone_text_alignment=&#8221;default&#8221; background_color_opacity=&#8221;1&#8243; background_hover_color_opacity=&#8221;1&#8243; column_backdrop_filter=&#8221;none&#8221; column_shadow=&#8221;none&#8221; column_border_radius=&#8221;5px&#8221; column_link_target=&#8221;_self&#8221; overflow=&#8221;visible&#8221; gradient_direction=&#8221;left_to_right&#8221; overlay_strength=&#8221;0.3&#8243; width=&#8221;1\/1&#8243; tablet_width_inherit=&#8221;default&#8221; animation_type=&#8221;default&#8221; bg_image_animation=&#8221;none&#8221; border_type=&#8221;simple&#8221; column_border_width=&#8221;3px&#8221; column_border_color=&#8221;#f9f9f9&#8243; column_border_style=&#8221;solid&#8221; column_padding_type=&#8221;default&#8221; gradient_type=&#8221;default&#8221;][nectar_btn size=&#8221;small&#8221; button_style=&#8221;see-through&#8221; button_color_2=&#8221;Accent-Color&#8221; icon_family=&#8221;none&#8221; el_class=&#8221;nohover&#8221; text=&#8221;Limbi vorbite&#8221;][vc_column_text css=&#8221;&#8221; text_direction=&#8221;default&#8221;]\n<h5>Maghiar\u0103 \ud83c\udded\ud83c\uddfa<\/h5>\n<h5>Englez\u0103 \ud83c\uddfa\ud83c\uddf8<\/h5>\n[\/vc_column_text][\/vc_column_inner][\/vc_row_inner][vc_row_inner column_margin=&#8221;30px&#8221; column_direction=&#8221;default&#8221; column_direction_tablet=&#8221;default&#8221; column_direction_phone=&#8221;default&#8221; text_align=&#8221;left&#8221; row_position=&#8221;default&#8221; row_position_tablet=&#8221;inherit&#8221; row_position_phone=&#8221;inherit&#8221; overflow=&#8221;visible&#8221; pointer_events=&#8221;all&#8221;][vc_column_inner column_padding=&#8221;padding-2-percent&#8221; column_padding_tablet=&#8221;inherit&#8221; column_padding_phone=&#8221;inherit&#8221; column_padding_position=&#8221;all&#8221; column_element_direction_desktop=&#8221;default&#8221; column_element_spacing=&#8221;default&#8221; desktop_text_alignment=&#8221;center&#8221; tablet_text_alignment=&#8221;default&#8221; phone_text_alignment=&#8221;default&#8221; background_color_opacity=&#8221;1&#8243; background_hover_color_opacity=&#8221;1&#8243; column_backdrop_filter=&#8221;none&#8221; column_shadow=&#8221;none&#8221; column_border_radius=&#8221;5px&#8221; column_link_target=&#8221;_self&#8221; overflow=&#8221;visible&#8221; gradient_direction=&#8221;left_to_right&#8221; overlay_strength=&#8221;0.3&#8243; width=&#8221;1\/1&#8243; tablet_width_inherit=&#8221;default&#8221; animation_type=&#8221;default&#8221; bg_image_animation=&#8221;none&#8221; border_type=&#8221;simple&#8221; column_border_width=&#8221;3px&#8221; column_border_color=&#8221;#f9f9f9&#8243; column_border_style=&#8221;solid&#8221; column_padding_type=&#8221;default&#8221; gradient_type=&#8221;default&#8221;][nectar_btn size=&#8221;small&#8221; button_style=&#8221;see-through&#8221; button_color_2=&#8221;Accent-Color&#8221; icon_family=&#8221;none&#8221; el_class=&#8221;nohover&#8221; text=&#8221;Program de consulta\u0163ii&#8221;][vc_column_text css=&#8221;&#8221; text_direction=&#8221;default&#8221;]\n<h5>Numai cu programare<\/h5>\n<p>\u00cencepe\u0163i colaborarea cu Healwise pentru a consulta acest expert.[\/vc_column_text][nectar_btn size=&#8221;medium&#8221; button_style=&#8221;regular&#8221; button_color_2=&#8221;Accent-Color&#8221; icon_family=&#8221;fontawesome&#8221; text=&#8221;\u00cencepe\u0163i&#8221; url=&#8221;\/ro\/incepeti&#8221; icon_fontawesome=&#8221;fa fa-arrow-right&#8221;][\/vc_column_inner][\/vc_row_inner][\/vc_column][\/vc_row]\n","protected":false},"excerpt":{"rendered":"<p>[vc_row type=&#8221;full_width_background&#8221; full_screen_row_position=&#8221;middle&#8221; column_margin=&#8221;none&#8221; column_direction=&#8221;default&#8221; column_direction_tablet=&#8221;column_reverse&#8221; column_direction_phone=&#8221;column_reverse&#8221; bg_color=&#8221;#3b8f94&#8243; scene_position=&#8221;center&#8221; text_color=&#8221;light&#8221; text_align=&#8221;left&#8221; row_border_radius=&#8221;none&#8221; row_border_radius_applies=&#8221;bg&#8221; overflow=&#8221;visible&#8221; overlay_strength=&#8221;0.3&#8243; gradient_direction=&#8221;left_to_right&#8221; shape_divider_position=&#8221;bottom&#8221; bg_image_animation=&#8221;none&#8221; shape_type=&#8221;&#8221; gradient_type=&#8221;default&#8221;][vc_column column_padding=&#8221;no-extra-padding&#8221; column_padding_tablet=&#8221;inherit&#8221; column_padding_phone=&#8221;inherit&#8221; column_padding_position=&#8221;all&#8221; column_element_direction_desktop=&#8221;default&#8221; column_element_spacing=&#8221;default&#8221; desktop_text_alignment=&#8221;default&#8221; tablet_text_alignment=&#8221;default&#8221; phone_text_alignment=&#8221;default&#8221; background_color_opacity=&#8221;1&#8243;&#8230;<\/p>\n","protected":false},"author":2,"featured_media":0,"parent":1970,"menu_order":0,"comment_status":"closed","ping_status":"closed","template":"","meta":{"om_disable_all_campaigns":false,"_monsterinsights_skip_tracking":false,"_monsterinsights_sitenote_active":false,"_monsterinsights_sitenote_note":"","_monsterinsights_sitenote_category":0,"_uf_show_specific_survey":0,"_uf_disable_surveys":false,"footnotes":""},"class_list":["post-1996","page","type-page","status-publish"],"_links":{"self":[{"href":"https:\/\/healwise.net\/ro\/wp-json\/wp\/v2\/pages\/1996","targetHints":{"allow":["GET"]}}],"collection":[{"href":"https:\/\/healwise.net\/ro\/wp-json\/wp\/v2\/pages"}],"about":[{"href":"https:\/\/healwise.net\/ro\/wp-json\/wp\/v2\/types\/page"}],"author":[{"embeddable":true,"href":"https:\/\/healwise.net\/ro\/wp-json\/wp\/v2\/users\/2"}],"replies":[{"embeddable":true,"href":"https:\/\/healwise.net\/ro\/wp-json\/wp\/v2\/comments?post=1996"}],"version-history":[{"count":5,"href":"https:\/\/healwise.net\/ro\/wp-json\/wp\/v2\/pages\/1996\/revisions"}],"predecessor-version":[{"id":2357,"href":"https:\/\/healwise.net\/ro\/wp-json\/wp\/v2\/pages\/1996\/revisions\/2357"}],"up":[{"embeddable":true,"href":"https:\/\/healwise.net\/ro\/wp-json\/wp\/v2\/pages\/1970"}],"wp:attachment":[{"href":"https:\/\/healwise.net\/ro\/wp-json\/wp\/v2\/media?parent=1996"}],"curies":[{"name":"wp","href":"https:\/\/api.w.org\/{rel}","templated":true}]}}