{"id":1999,"date":"2024-04-24T21:35:22","date_gmt":"2024-04-24T19:35:22","guid":{"rendered":"https:\/\/healwise.net\/experts\/dr-zoltan-attila-papp-md\/"},"modified":"2024-06-18T12:55:04","modified_gmt":"2024-06-18T10:55:04","slug":"dr-zoltan-attila-papp-md","status":"publish","type":"page","link":"https:\/\/healwise.net\/ro\/experti\/dr-zoltan-attila-papp-md\/","title":{"rendered":"Dr. Zolt\u00e1n Attila Papp MD"},"content":{"rendered":"[vc_row type=&#8221;full_width_background&#8221; full_screen_row_position=&#8221;middle&#8221; column_margin=&#8221;none&#8221; column_direction=&#8221;default&#8221; column_direction_tablet=&#8221;column_reverse&#8221; column_direction_phone=&#8221;column_reverse&#8221; bg_color=&#8221;#3b8f94&#8243; scene_position=&#8221;center&#8221; text_color=&#8221;light&#8221; text_align=&#8221;left&#8221; row_border_radius=&#8221;none&#8221; row_border_radius_applies=&#8221;bg&#8221; overflow=&#8221;visible&#8221; overlay_strength=&#8221;0.3&#8243; gradient_direction=&#8221;left_to_right&#8221; shape_divider_position=&#8221;bottom&#8221; bg_image_animation=&#8221;none&#8221; shape_type=&#8221;&#8221; gradient_type=&#8221;default&#8221;][vc_column column_padding=&#8221;no-extra-padding&#8221; column_padding_tablet=&#8221;inherit&#8221; column_padding_phone=&#8221;inherit&#8221; column_padding_position=&#8221;all&#8221; column_element_direction_desktop=&#8221;default&#8221; column_element_spacing=&#8221;default&#8221; desktop_text_alignment=&#8221;default&#8221; tablet_text_alignment=&#8221;default&#8221; phone_text_alignment=&#8221;default&#8221; background_color_opacity=&#8221;1&#8243; background_hover_color_opacity=&#8221;1&#8243; column_backdrop_filter=&#8221;none&#8221; column_shadow=&#8221;none&#8221; column_border_radius=&#8221;none&#8221; column_link_target=&#8221;_self&#8221; column_position=&#8221;default&#8221; gradient_direction=&#8221;left_to_right&#8221; overlay_strength=&#8221;0.3&#8243; width=&#8221;7\/12&#8243; tablet_width_inherit=&#8221;default&#8221; animation_type=&#8221;default&#8221; bg_image_animation=&#8221;none&#8221; border_type=&#8221;simple&#8221; column_border_width=&#8221;none&#8221; column_border_style=&#8221;solid&#8221; column_padding_type=&#8221;default&#8221; gradient_type=&#8221;default&#8221;][vc_row_inner column_margin=&#8221;default&#8221; column_direction=&#8221;default&#8221; column_direction_tablet=&#8221;default&#8221; column_direction_phone=&#8221;default&#8221; text_align=&#8221;left&#8221; row_position=&#8221;default&#8221; row_position_tablet=&#8221;inherit&#8221; row_position_phone=&#8221;inherit&#8221; overflow=&#8221;visible&#8221; pointer_events=&#8221;all&#8221;][vc_column_inner left_padding_desktop=&#8221;3%&#8221; top_margin=&#8221;5%&#8221; bottom_margin_tablet=&#8221;8%&#8221; column_element_direction_desktop=&#8221;default&#8221; column_element_spacing=&#8221;default&#8221; desktop_text_alignment=&#8221;default&#8221; tablet_text_alignment=&#8221;default&#8221; phone_text_alignment=&#8221;default&#8221; background_color_opacity=&#8221;1&#8243; background_hover_color_opacity=&#8221;1&#8243; column_backdrop_filter=&#8221;none&#8221; column_shadow=&#8221;none&#8221; column_border_radius=&#8221;none&#8221; column_link_target=&#8221;_self&#8221; overflow=&#8221;visible&#8221; gradient_direction=&#8221;left_to_right&#8221; overlay_strength=&#8221;0.3&#8243; width=&#8221;1\/1&#8243; tablet_width_inherit=&#8221;default&#8221; animation_type=&#8221;default&#8221; enable_animation=&#8221;true&#8221; animation=&#8221;fade-in-from-bottom&#8221; animation_easing=&#8221;default&#8221; bg_image_animation=&#8221;none&#8221; border_type=&#8221;simple&#8221; column_border_width=&#8221;none&#8221; column_border_style=&#8221;solid&#8221; column_padding_type=&#8221;advanced&#8221; gradient_type=&#8221;default&#8221;][vc_custom_heading text=&#8221;Expert \u00een neurochirurgie&#8221; font_container=&#8221;tag:h5|font_size:2vw|text_align:left|color:%23ffffff|line_height:7vw&#8221; use_theme_fonts=&#8221;yes&#8221; css=&#8221;.vc_custom_1716561441043{margin-top: 65px !important;margin-bottom: 10px !important;}&#8221; el_class=&#8221;jobtitle-mob&#8221;][vc_column_text css=&#8221;&#8221; text_direction=&#8221;default&#8221;]\n<h2><span class=\"doc-name\">Dr. Zolt\u00e1n Attila Papp<\/span><\/h2>\n<p><span class=\"doc-qualif\">MD<\/span>[\/vc_column_text][\/vc_column_inner][\/vc_row_inner][\/vc_column][vc_column top_margin=&#8221;-3%&#8221; top_margin_tablet=&#8221;0&#8243; column_element_direction_desktop=&#8221;default&#8221; column_element_spacing=&#8221;0px&#8221; desktop_text_alignment=&#8221;default&#8221; tablet_text_alignment=&#8221;default&#8221; phone_text_alignment=&#8221;default&#8221; background_color_opacity=&#8221;1&#8243; background_hover_color_opacity=&#8221;1&#8243; column_backdrop_filter=&#8221;none&#8221; column_shadow=&#8221;none&#8221; column_border_radius=&#8221;none&#8221; column_link_target=&#8221;_self&#8221; column_position=&#8221;default&#8221; gradient_direction=&#8221;left_to_right&#8221; overlay_strength=&#8221;0.3&#8243; width=&#8221;5\/12&#8243; tablet_width_inherit=&#8221;default&#8221; animation_type=&#8221;default&#8221; bg_image_animation=&#8221;none&#8221; border_type=&#8221;simple&#8221; column_border_width=&#8221;none&#8221; column_border_style=&#8221;solid&#8221; column_padding_type=&#8221;advanced&#8221; gradient_type=&#8221;default&#8221;][vc_row_inner column_margin=&#8221;none&#8221; column_direction=&#8221;default&#8221; column_direction_tablet=&#8221;default&#8221; column_direction_phone=&#8221;default&#8221; translate_y=&#8221;20%&#8221; translate_x=&#8221;-20%&#8221; translate_y_tablet=&#8221;0&#8243; translate_x_tablet=&#8221;0&#8243; text_align=&#8221;left&#8221; row_position=&#8221;default&#8221; row_position_tablet=&#8221;inherit&#8221; row_position_phone=&#8221;inherit&#8221; overflow=&#8221;visible&#8221; pointer_events=&#8221;all&#8221;][vc_column_inner bottom_margin=&#8221;-7%&#8221; top_margin_tablet=&#8221;5%&#8221; bottom_margin_tablet=&#8221;-10%&#8221; column_element_direction_desktop=&#8221;default&#8221; column_element_spacing=&#8221;default&#8221; desktop_text_alignment=&#8221;default&#8221; tablet_text_alignment=&#8221;default&#8221; phone_text_alignment=&#8221;default&#8221; background_color_opacity=&#8221;1&#8243; background_hover_color_opacity=&#8221;1&#8243; column_backdrop_filter=&#8221;none&#8221; column_shadow=&#8221;none&#8221; column_border_radius=&#8221;none&#8221; column_link_target=&#8221;_self&#8221; overflow=&#8221;visible&#8221; gradient_direction=&#8221;left_to_right&#8221; overlay_strength=&#8221;0.3&#8243; width=&#8221;1\/1&#8243; tablet_width_inherit=&#8221;default&#8221; animation_type=&#8221;default&#8221; enable_animation=&#8221;true&#8221; animation=&#8221;fade-in-from-bottom&#8221; animation_easing=&#8221;default&#8221; bg_image_animation=&#8221;none&#8221; border_type=&#8221;simple&#8221; column_border_width=&#8221;none&#8221; column_border_style=&#8221;solid&#8221; column_padding_type=&#8221;advanced&#8221; gradient_type=&#8221;default&#8221;][image_with_animation image_url=&#8221;648&#8243; image_size=&#8221;full&#8221; animation_type=&#8221;entrance&#8221; animation=&#8221;None&#8221; animation_movement_type=&#8221;transform_y&#8221; hover_animation=&#8221;none&#8221; alignment=&#8221;&#8221; border_radius=&#8221;none&#8221; box_shadow=&#8221;medium_depth&#8221; image_loading=&#8221;default&#8221; max_width=&#8221;150%&#8221; max_width_mobile=&#8221;100%&#8221; mask_enable=&#8221;true&#8221; mask_shape=&#8221;custom&#8221; mask_custom_image=&#8221;1390&#8243; mask_size=&#8221;contain&#8221; el_class=&#8221;doc-hero&#8221;][\/vc_column_inner][\/vc_row_inner][\/vc_column][\/vc_row][vc_row type=&#8221;in_container&#8221; full_screen_row_position=&#8221;middle&#8221; column_margin=&#8221;default&#8221; column_direction=&#8221;default&#8221; column_direction_tablet=&#8221;column_reverse&#8221; column_direction_phone=&#8221;column_reverse&#8221; scene_position=&#8221;center&#8221; text_color=&#8221;dark&#8221; text_align=&#8221;left&#8221; row_border_radius=&#8221;none&#8221; row_border_radius_applies=&#8221;bg&#8221; overflow=&#8221;visible&#8221; overlay_strength=&#8221;0.3&#8243; gradient_direction=&#8221;left_to_right&#8221; shape_divider_position=&#8221;bottom&#8221; bg_image_animation=&#8221;none&#8221; gradient_type=&#8221;default&#8221; shape_type=&#8221;&#8221;][vc_column left_padding_desktop=&#8221;2%&#8221; left_padding_tablet=&#8221;0&#8243; top_margin=&#8221;5%&#8221; top_margin_tablet=&#8221;0&#8243; column_element_direction_desktop=&#8221;default&#8221; column_element_spacing=&#8221;default&#8221; desktop_text_alignment=&#8221;default&#8221; tablet_text_alignment=&#8221;default&#8221; phone_text_alignment=&#8221;default&#8221; background_color_opacity=&#8221;1&#8243; background_hover_color_opacity=&#8221;1&#8243; column_backdrop_filter=&#8221;none&#8221; column_shadow=&#8221;none&#8221; column_border_radius=&#8221;none&#8221; column_link_target=&#8221;_self&#8221; column_position=&#8221;default&#8221; gradient_direction=&#8221;left_to_right&#8221; overlay_strength=&#8221;0.3&#8243; width=&#8221;7\/12&#8243; tablet_width_inherit=&#8221;default&#8221; animation_type=&#8221;default&#8221; bg_image_animation=&#8221;none&#8221; border_type=&#8221;simple&#8221; column_border_width=&#8221;none&#8221; column_border_style=&#8221;solid&#8221; column_padding_type=&#8221;advanced&#8221; gradient_type=&#8221;default&#8221;][vc_column_text css=&#8221;&#8221; text_direction=&#8221;default&#8221;]Dr. Zolt\u00e1n Papp este un neurochirurg des\u0103v\u00e2r\u0219it, cu specializare \u00een chirurgia coloanei vertebrale. A absolvit Facultatea de Medicin\u0103 a Universit\u0103\u0163ii Semmelweis din Budapesta \u0219i a efectuat stagiatura \u0219i reziden\u0163iatul la Institutul Na\u0163ional de Neuro\u0219tiin\u0163e Clinice din Budapesta. Expertiza doctorului Papp include chirurgia complex\u0103 a coloanei vertebrale \u0219i a tumorilor, dup\u0103 ce a absolvit o burs\u0103 de formare suplimentar\u0103 \u00een acest domeniu. Este dedicat furniz\u0103rii unei \u00eengrijiri \u0219i educa\u0163ii excelente pentru pacien\u0163i \u0219i men\u0163ine o comunicare clar\u0103 cu pacien\u0163ii, familiile acestora \u0219i furnizorii de servicii de referin\u0163\u0103. Din 1999, Dr. Papp face parte din Institutul Na\u0163ional de S\u0103n\u0103tate Mintal\u0103, Neurologie \u0219i Neurochirurgie, iar din 2006 lucreaz\u0103 \u00een cadrul Departamentului de Chirurgie a Coloanei vertebrale.[\/vc_column_text][heading]Experien\u0163\u0103 profesional\u0103[\/heading][vc_column_text css=&#8221;&#8221; text_direction=&#8221;default&#8221;]\n<ul>\n<li><strong>\u0218ef \u0219i manager al blocului operator central:<\/strong>\u00a0Institutul Na\u0163ional de S\u0103n\u0103tate Mintal\u0103, Neurologie \u0219i Neurochirurgie, iulie 2021 \u2013 prezent<\/li>\n<li><strong>Neurochirurg specialist:<\/strong>\u00a0Departamentul de Chirurgie a Coloanei Vertebrale, Institutul Na\u0163ional de S\u0103n\u0103tate Mintal\u0103, Neurologie \u0219i Neurochirurgie, mai 2011 \u2013 prezent<\/li>\n<li><strong>Membru permanent al echipei de neurotraumatologie:<\/strong>\u00a0Spitalul de Copii Heim Pal, 2006 \u2013 2020<\/li>\n<li><strong>Membru permanent al echipei de neurotraumatologie:<\/strong>\u00a0Spitalul \u0219i Centrul de Traumatologie Peterfy Sandor, 2006 \u2013 prezent<\/li>\n<li><strong>Neurochirurg, medic certificat:<\/strong>\u00a0Institutul Na\u0163ional de Neuro\u0219tiin\u0163e Clinice, mai 2006 \u2013 mai 2011<\/li>\n<li><strong>Stagiu \u0219i reziden\u0163iat:<\/strong>\u00a0Institutul Na\u0163ional de Neuro\u0219tiin\u0163e Clinice, mai 1999 \u2013 mai 2006<\/li>\n<\/ul>\n[\/vc_column_text][heading]Studii[\/heading][vc_column_text css=&#8221;&#8221; text_direction=&#8221;default&#8221;]\n<ul>\n<li><strong>Asocia\u0163ia European\u0103 a Societ\u0103\u0163ilor de Neurochirurgie:<\/strong>\u00a0Certificat EANS gradul I, 2006<\/li>\n<li><strong>Institutul Na\u0163ional de Neuro\u0219tiin\u0163e Clinice:<\/strong>\u00a0Examen de specialist \u00een neurochirurgie \u0219i chirurgia coloanei vertebrale, 2006<\/li>\n<li><strong>\u0218coala de Medicin\u0103 a Universit\u0103\u0163ii Semmelweis, Budapesta:<\/strong>\u00a0Facultatea de Medicin\u0103 Diplom\u0103 de doctor \u00een medicin\u0103, 1993-1999<\/li>\n<\/ul>\n[\/vc_column_text][heading]Expertiz\u0103 chirurgical\u0103[\/heading][vc_column_text css=&#8221;&#8221; text_direction=&#8221;default&#8221;]\n<ul>\n<li>Chirurgia patologiilor cranio-cervicale<\/li>\n<li>Chirurgia coloanei vertebrale cervicale subaxiale<\/li>\n<li>Chirurgia afec\u0163iunilor coloanei vertebrale toracice \u0219i lombare<\/li>\n<li>Chirurgia minim invaziv\u0103 a coloanei vertebrale<\/li>\n<li>Tehnici de instrumenta\u0163ie spinal\u0103<\/li>\n<li>Chirurgie pentru patologii intra \u0219i extradurale, leziuni intramedulare, tumori<\/li>\n<li>Chirurgia tumorilor primare \u0219i metastatice ale coloanei vertebrale<\/li>\n<li>Chirurgia pacien\u0163ilor cu traume<\/li>\n<li>Chirurgia afec\u0163iunilor degenerative ale coloanei vertebrale<\/li>\n<li>Competent \u00een utilizarea microscopului chirurgical<\/li>\n<li>Format \u00een instrumente de imagistic\u0103 intraoperatorie (bra\u0163 O, fluoroscopie 3D, neuronaviga\u0163ie)<\/li>\n<li>Efectueaz\u0103 peste 300 de proceduri chirurgicale anual (~90% coloana vertebral\u0103)<\/li>\n<\/ul>\n[\/vc_column_text][heading]Subspecializare[\/heading][vc_column_text css=&#8221;&#8221; text_direction=&#8221;default&#8221;]\n<ul>\n<li>Chirurgia complex\u0103 a regiunii cranio-cervicale<\/li>\n<li>Dezvoltarea unor tehnici chirurgicale noi, minim invazive<\/li>\n<\/ul>\n[\/vc_column_text][vc_column_text css=&#8221;&#8221; text_direction=&#8221;default&#8221;]CV-ul Dr. Zolt\u00e1n Papp prezint\u0103 experien\u0163a sa vast\u0103 \u0219i dedicarea sa \u00een domeniul neurochirurgiei, \u00een special \u00een chirurgia coloanei vertebrale. Angajamentul s\u0103u fa\u0163\u0103 de inova\u0163ie, \u00eengrijirea pacien\u0163ilor \u0219i educa\u0163ia medical\u0103 l-a distins \u00een domeniul s\u0103u.[\/vc_column_text][\/vc_column][vc_column left_padding_desktop=&#8221;12%&#8221; right_padding_desktop=&#8221;8%&#8221; left_padding_tablet=&#8221;0&#8243; right_padding_tablet=&#8221;0&#8243; top_margin=&#8221;16%&#8221; top_margin_tablet=&#8221;10%&#8221; column_element_direction_desktop=&#8221;default&#8221; column_element_spacing=&#8221;default&#8221; desktop_text_alignment=&#8221;default&#8221; tablet_text_alignment=&#8221;default&#8221; phone_text_alignment=&#8221;default&#8221; sticky_content=&#8221;true&#8221; sticky_content_functionality=&#8221;css&#8221; sticky_content_alignment=&#8221;middle&#8221; background_color_opacity=&#8221;1&#8243; background_hover_color_opacity=&#8221;1&#8243; column_backdrop_filter=&#8221;none&#8221; column_shadow=&#8221;none&#8221; column_border_radius=&#8221;none&#8221; column_link_target=&#8221;_self&#8221; column_position=&#8221;default&#8221; gradient_direction=&#8221;left_to_right&#8221; overlay_strength=&#8221;0.3&#8243; width=&#8221;5\/12&#8243; tablet_width_inherit=&#8221;default&#8221; animation_type=&#8221;default&#8221; bg_image_animation=&#8221;none&#8221; border_type=&#8221;simple&#8221; column_border_width=&#8221;none&#8221; column_border_style=&#8221;solid&#8221; column_padding_type=&#8221;advanced&#8221; gradient_type=&#8221;default&#8221;][vc_row_inner column_margin=&#8221;30px&#8221; column_direction=&#8221;default&#8221; column_direction_tablet=&#8221;default&#8221; column_direction_phone=&#8221;default&#8221; text_align=&#8221;left&#8221; row_position=&#8221;default&#8221; row_position_tablet=&#8221;inherit&#8221; row_position_phone=&#8221;inherit&#8221; overflow=&#8221;visible&#8221; pointer_events=&#8221;all&#8221;][vc_column_inner column_padding=&#8221;padding-2-percent&#8221; column_padding_tablet=&#8221;inherit&#8221; column_padding_phone=&#8221;inherit&#8221; column_padding_position=&#8221;all&#8221; column_element_direction_desktop=&#8221;default&#8221; column_element_spacing=&#8221;default&#8221; desktop_text_alignment=&#8221;center&#8221; tablet_text_alignment=&#8221;default&#8221; phone_text_alignment=&#8221;default&#8221; background_color_opacity=&#8221;1&#8243; background_hover_color_opacity=&#8221;1&#8243; column_backdrop_filter=&#8221;none&#8221; column_shadow=&#8221;none&#8221; column_border_radius=&#8221;5px&#8221; column_link_target=&#8221;_self&#8221; overflow=&#8221;visible&#8221; gradient_direction=&#8221;left_to_right&#8221; overlay_strength=&#8221;0.3&#8243; width=&#8221;1\/1&#8243; tablet_width_inherit=&#8221;default&#8221; animation_type=&#8221;default&#8221; bg_image_animation=&#8221;none&#8221; border_type=&#8221;simple&#8221; column_border_width=&#8221;3px&#8221; column_border_color=&#8221;#f9f9f9&#8243; column_border_style=&#8221;solid&#8221; column_padding_type=&#8221;default&#8221; gradient_type=&#8221;default&#8221;][nectar_btn size=&#8221;small&#8221; button_style=&#8221;see-through&#8221; button_color_2=&#8221;Accent-Color&#8221; icon_family=&#8221;none&#8221; el_class=&#8221;nohover&#8221; text=&#8221;Specializare&#8221;][vc_column_text css=&#8221;&#8221; text_direction=&#8221;default&#8221;]\n<h5>Neurochirurgia coloanei vertebrale<\/h5>\n<h5>Chirurgia minim invaziv\u0103 a coloanei vertebrale<\/h5>\n[\/vc_column_text][\/vc_column_inner][\/vc_row_inner][vc_row_inner column_margin=&#8221;30px&#8221; column_direction=&#8221;default&#8221; column_direction_tablet=&#8221;default&#8221; column_direction_phone=&#8221;default&#8221; text_align=&#8221;left&#8221; row_position=&#8221;default&#8221; row_position_tablet=&#8221;inherit&#8221; row_position_phone=&#8221;inherit&#8221; overflow=&#8221;visible&#8221; pointer_events=&#8221;all&#8221;][vc_column_inner column_padding=&#8221;padding-2-percent&#8221; column_padding_tablet=&#8221;inherit&#8221; column_padding_phone=&#8221;inherit&#8221; column_padding_position=&#8221;all&#8221; column_element_direction_desktop=&#8221;default&#8221; column_element_spacing=&#8221;default&#8221; desktop_text_alignment=&#8221;center&#8221; tablet_text_alignment=&#8221;default&#8221; phone_text_alignment=&#8221;default&#8221; background_color_opacity=&#8221;1&#8243; background_hover_color_opacity=&#8221;1&#8243; column_backdrop_filter=&#8221;none&#8221; column_shadow=&#8221;none&#8221; column_border_radius=&#8221;5px&#8221; column_link_target=&#8221;_self&#8221; overflow=&#8221;visible&#8221; gradient_direction=&#8221;left_to_right&#8221; overlay_strength=&#8221;0.3&#8243; width=&#8221;1\/1&#8243; tablet_width_inherit=&#8221;default&#8221; animation_type=&#8221;default&#8221; bg_image_animation=&#8221;none&#8221; border_type=&#8221;simple&#8221; column_border_width=&#8221;3px&#8221; column_border_color=&#8221;#f9f9f9&#8243; column_border_style=&#8221;solid&#8221; column_padding_type=&#8221;default&#8221; gradient_type=&#8221;default&#8221;][nectar_btn size=&#8221;small&#8221; button_style=&#8221;see-through&#8221; button_color_2=&#8221;Accent-Color&#8221; icon_family=&#8221;none&#8221; el_class=&#8221;nohover&#8221; text=&#8221;Limbi vorbite&#8221;][vc_column_text css=&#8221;&#8221; text_direction=&#8221;default&#8221;]\n<h5>Maghiar\u0103 \ud83c\udded\ud83c\uddfa<\/h5>\n<h5>Englez\u0103 \ud83c\uddfa\ud83c\uddf8<\/h5>\n[\/vc_column_text][\/vc_column_inner][\/vc_row_inner][vc_row_inner column_margin=&#8221;30px&#8221; column_direction=&#8221;default&#8221; column_direction_tablet=&#8221;default&#8221; column_direction_phone=&#8221;default&#8221; text_align=&#8221;left&#8221; row_position=&#8221;default&#8221; row_position_tablet=&#8221;inherit&#8221; row_position_phone=&#8221;inherit&#8221; overflow=&#8221;visible&#8221; pointer_events=&#8221;all&#8221;][vc_column_inner column_padding=&#8221;padding-2-percent&#8221; column_padding_tablet=&#8221;inherit&#8221; column_padding_phone=&#8221;inherit&#8221; column_padding_position=&#8221;all&#8221; column_element_direction_desktop=&#8221;default&#8221; column_element_spacing=&#8221;default&#8221; desktop_text_alignment=&#8221;center&#8221; tablet_text_alignment=&#8221;default&#8221; phone_text_alignment=&#8221;default&#8221; background_color_opacity=&#8221;1&#8243; background_hover_color_opacity=&#8221;1&#8243; column_backdrop_filter=&#8221;none&#8221; column_shadow=&#8221;none&#8221; column_border_radius=&#8221;5px&#8221; column_link_target=&#8221;_self&#8221; overflow=&#8221;visible&#8221; gradient_direction=&#8221;left_to_right&#8221; overlay_strength=&#8221;0.3&#8243; width=&#8221;1\/1&#8243; tablet_width_inherit=&#8221;default&#8221; animation_type=&#8221;default&#8221; bg_image_animation=&#8221;none&#8221; border_type=&#8221;simple&#8221; column_border_width=&#8221;3px&#8221; column_border_color=&#8221;#f9f9f9&#8243; column_border_style=&#8221;solid&#8221; column_padding_type=&#8221;default&#8221; gradient_type=&#8221;default&#8221;][nectar_btn size=&#8221;small&#8221; button_style=&#8221;see-through&#8221; button_color_2=&#8221;Accent-Color&#8221; icon_family=&#8221;none&#8221; el_class=&#8221;nohover&#8221; text=&#8221;Program de consulta\u0163ii&#8221;][vc_column_text css=&#8221;&#8221; text_direction=&#8221;default&#8221;]\n<h5>Numai cu programare<\/h5>\n<p>\u00cencepe\u0163i colaborarea cu Healwise pentru a consulta acest expert.[\/vc_column_text][nectar_btn size=&#8221;medium&#8221; button_style=&#8221;regular&#8221; button_color_2=&#8221;Accent-Color&#8221; icon_family=&#8221;fontawesome&#8221; text=&#8221;\u00cencepe\u0163i&#8221; url=&#8221;\/ro\/incepeti&#8221; icon_fontawesome=&#8221;fa fa-arrow-right&#8221;][\/vc_column_inner][\/vc_row_inner][\/vc_column][\/vc_row]\n","protected":false},"excerpt":{"rendered":"<p>[vc_row type=&#8221;full_width_background&#8221; full_screen_row_position=&#8221;middle&#8221; column_margin=&#8221;none&#8221; column_direction=&#8221;default&#8221; column_direction_tablet=&#8221;column_reverse&#8221; column_direction_phone=&#8221;column_reverse&#8221; bg_color=&#8221;#3b8f94&#8243; scene_position=&#8221;center&#8221; text_color=&#8221;light&#8221; text_align=&#8221;left&#8221; row_border_radius=&#8221;none&#8221; row_border_radius_applies=&#8221;bg&#8221; overflow=&#8221;visible&#8221; overlay_strength=&#8221;0.3&#8243; gradient_direction=&#8221;left_to_right&#8221; shape_divider_position=&#8221;bottom&#8221; bg_image_animation=&#8221;none&#8221; shape_type=&#8221;&#8221; gradient_type=&#8221;default&#8221;][vc_column column_padding=&#8221;no-extra-padding&#8221; column_padding_tablet=&#8221;inherit&#8221; column_padding_phone=&#8221;inherit&#8221; column_padding_position=&#8221;all&#8221; column_element_direction_desktop=&#8221;default&#8221; column_element_spacing=&#8221;default&#8221; desktop_text_alignment=&#8221;default&#8221; tablet_text_alignment=&#8221;default&#8221; phone_text_alignment=&#8221;default&#8221; background_color_opacity=&#8221;1&#8243;&#8230;<\/p>\n","protected":false},"author":2,"featured_media":0,"parent":1970,"menu_order":0,"comment_status":"closed","ping_status":"closed","template":"","meta":{"om_disable_all_campaigns":false,"_monsterinsights_skip_tracking":false,"_monsterinsights_sitenote_active":false,"_monsterinsights_sitenote_note":"","_monsterinsights_sitenote_category":0,"_uf_show_specific_survey":0,"_uf_disable_surveys":false,"footnotes":""},"class_list":["post-1999","page","type-page","status-publish"],"_links":{"self":[{"href":"https:\/\/healwise.net\/ro\/wp-json\/wp\/v2\/pages\/1999","targetHints":{"allow":["GET"]}}],"collection":[{"href":"https:\/\/healwise.net\/ro\/wp-json\/wp\/v2\/pages"}],"about":[{"href":"https:\/\/healwise.net\/ro\/wp-json\/wp\/v2\/types\/page"}],"author":[{"embeddable":true,"href":"https:\/\/healwise.net\/ro\/wp-json\/wp\/v2\/users\/2"}],"replies":[{"embeddable":true,"href":"https:\/\/healwise.net\/ro\/wp-json\/wp\/v2\/comments?post=1999"}],"version-history":[{"count":8,"href":"https:\/\/healwise.net\/ro\/wp-json\/wp\/v2\/pages\/1999\/revisions"}],"predecessor-version":[{"id":2358,"href":"https:\/\/healwise.net\/ro\/wp-json\/wp\/v2\/pages\/1999\/revisions\/2358"}],"up":[{"embeddable":true,"href":"https:\/\/healwise.net\/ro\/wp-json\/wp\/v2\/pages\/1970"}],"wp:attachment":[{"href":"https:\/\/healwise.net\/ro\/wp-json\/wp\/v2\/media?parent=1999"}],"curies":[{"name":"wp","href":"https:\/\/api.w.org\/{rel}","templated":true}]}}